{"id":570,"date":"2023-06-15T18:04:48","date_gmt":"2023-06-15T18:04:48","guid":{"rendered":"https:\/\/luisvndrade.com\/wp\/?page_id=570"},"modified":"2023-06-15T18:26:07","modified_gmt":"2023-06-15T18:26:07","slug":"bitacora","status":"publish","type":"page","link":"https:\/\/luisvndrade.com\/wp\/bitacora\/","title":{"rendered":"Bit\u00e1cora"},"content":{"rendered":"\t\t<div data-elementor-type=\"wp-page\" data-elementor-id=\"570\" class=\"elementor elementor-570\">\n\t\t\t\t\t\t<section class=\"elementor-section elementor-top-section elementor-element elementor-element-f1dd9a1 elementor-section-boxed elementor-section-height-default elementor-section-height-default\" data-id=\"f1dd9a1\" data-element_type=\"section\" data-e-type=\"section\">\n\t\t\t\t\t\t<div class=\"elementor-container elementor-column-gap-default\">\n\t\t\t\t\t<div class=\"elementor-column elementor-col-100 elementor-top-column elementor-element elementor-element-9062221\" data-id=\"9062221\" data-element_type=\"column\" data-e-type=\"column\">\n\t\t\t<div class=\"elementor-widget-wrap elementor-element-populated\">\n\t\t\t\t\t\t<div class=\"elementor-element elementor-element-24aab9c elementor-widget elementor-widget-eael-post-timeline\" data-id=\"24aab9c\" data-element_type=\"widget\" data-e-type=\"widget\" data-widget_type=\"eael-post-timeline.default\">\n\t\t\t\t<div class=\"elementor-widget-container\">\n\t\t\t\t\t<div id=\"eael-post-timeline-24aab9c\" class=\"eael-post-timeline timeline-layout-default eael-post-timeline-arrow-\">\n            <div class=\"eael-post-timeline eael-post-appender eael-post-appender-24aab9c\"><article class=\"eael-timeline-post eael-timeline-column\">\n    <div class=\"eael-timeline-bullet\"><\/div>\n    <div class=\"eael-timeline-post-inner\">\n        <a class=\"eael-timeline-post-link\" href=\"https:\/\/luisvndrade.com\/wp\/el-perro-de-la-caneria\/\" title=\"El perro de la ca\u00f1er\u00eda\">\n            <time datetime=\"junio 15, 2023\">junio 15, 2023<\/time>\n            <div class=\"eael-timeline-post-image  attachment-large size-large\" style=\"background-image: url(https:\/\/luisvndrade.com\/wp\/wp-content\/uploads\/2023\/06\/cachorro1-713x1024.jpg);\"><\/div><div class=\"eael-timeline-post-excerpt\"><p>So\u00f1\u00e9 que un cachorro viv\u00eda en el ba\u00f1o de un...<\/p><\/div><div class=\"eael-timeline-post-title\">\n                    <h2 class=\"eael-timeline-post-title-text\">El perro de la ca\u00f1er\u00eda<\/h2>\n                <\/div><\/a>\n    <\/div>\n<\/article><\/div>\n\t\t<\/div>\t\t\t\t<\/div>\n\t\t\t\t<\/div>\n\t\t\t\t\t<\/div>\n\t\t<\/div>\n\t\t\t\t\t<\/div>\n\t\t<\/section>\n\t\t\t\t<\/div>\n\t\t","protected":false},"excerpt":{"rendered":"<p>junio 15, 2023 So\u00f1\u00e9 que un cachorro viv\u00eda en el ba\u00f1o de un&#8230; El perro de la ca\u00f1er\u00eda<\/p>\n","protected":false},"author":1,"featured_media":0,"parent":0,"menu_order":0,"comment_status":"closed","ping_status":"closed","template":"","meta":{"nf_dc_page":"","footnotes":""},"class_list":["post-570","page","type-page","status-publish","hentry"],"_links":{"self":[{"href":"https:\/\/luisvndrade.com\/wp\/wp-json\/wp\/v2\/pages\/570","targetHints":{"allow":["GET"]}}],"collection":[{"href":"https:\/\/luisvndrade.com\/wp\/wp-json\/wp\/v2\/pages"}],"about":[{"href":"https:\/\/luisvndrade.com\/wp\/wp-json\/wp\/v2\/types\/page"}],"author":[{"embeddable":true,"href":"https:\/\/luisvndrade.com\/wp\/wp-json\/wp\/v2\/users\/1"}],"replies":[{"embeddable":true,"href":"https:\/\/luisvndrade.com\/wp\/wp-json\/wp\/v2\/comments?post=570"}],"version-history":[{"count":4,"href":"https:\/\/luisvndrade.com\/wp\/wp-json\/wp\/v2\/pages\/570\/revisions"}],"predecessor-version":[{"id":588,"href":"https:\/\/luisvndrade.com\/wp\/wp-json\/wp\/v2\/pages\/570\/revisions\/588"}],"wp:attachment":[{"href":"https:\/\/luisvndrade.com\/wp\/wp-json\/wp\/v2\/media?parent=570"}],"curies":[{"name":"wp","href":"https:\/\/api.w.org\/{rel}","templated":true}]}}